{"id":930,"date":"2025-04-08T14:03:40","date_gmt":"2025-04-08T14:03:40","guid":{"rendered":"https:\/\/www.iesagradafamiliapotrerillopalmira.edu.co\/?page_id=930"},"modified":"2025-04-15T15:35:54","modified_gmt":"2025-04-15T15:35:54","slug":"contratacion-directa-2025","status":"publish","type":"page","link":"https:\/\/www.iesagradafamiliapotrerillopalmira.edu.co\/index.php\/contratacion-directa-2025\/","title":{"rendered":"CONTRATACION DIRECTA 2025"},"content":{"rendered":"\n<p id=\"block-0459dd0c-174b-40c2-9d0e-4d5f8ef34f44\"><strong><br>CONTRATO NO. <\/strong>1151.20.6.001-IESFP-2025 <\/p>\n\n\n\n<p id=\"block-c80ffd8b-74c8-40fa-9cd6-da23962771b3\"><strong>OBJETO: <strong>\u201c<\/strong><\/strong>PRESTACION DE SERVICIOS PROFESIONALES COMO CONTADOR P\u00daBLICO PARA APOYAR LA GESTI\u00d3N FINANCIERA, PRESUPUESTAL Y APOYO A LA GESTI\u00d3N DOCUMENTAL INHERENTES AL PROCESO<br>FINANCIERO Y CONTABLE DURANTE LOS MESES DE ABRIL A DICIEMBRE 2025<strong><strong>\u201d<\/strong>.<\/strong><\/p>\n\n\n\n<p><strong>FECHA DEL CONTRATO:<\/strong> 01 ABRIL DE 2025<br><strong>ESTADO: <\/strong>EN EJECUCION<\/p>\n\n\n\n<a href=\"https:\/\/www.iesagradafamiliapotrerillopalmira.edu.co\/wp-content\/uploads\/2025\/04\/1.-ESTUDIOS-PREVIOS-ok.pdf\" target=\"_blank\" rel=\"noopener noreferrer\">ESTUDIOS PREVIOS &#8211; <\/a>\n\n\n\n<a href=\"https:\/\/www.iesagradafamiliapotrerillopalmira.edu.co\/wp-content\/uploads\/2025\/04\/4.-ACTO-ADMINISTRATIVO-DE-JUSTIFICACION-ok.pdf\" target=\"_blank\" rel=\"noopener noreferrer\">ACTO ADMINISTRATIVO DE JUSTIFICACION &#8211;<\/a>\n\n\n\n<a href=\"https:\/\/www.iesagradafamiliapotrerillopalmira.edu.co\/wp-content\/uploads\/2025\/04\/ACTA-DE-INICIO.pdf\" target=\"_blank\" rel=\"noopener noreferrer\">ACTA DE INICIO &#8211; <\/a>\n\n\n\n<a href=\"https:\/\/www.iesagradafamiliapotrerillopalmira.edu.co\/wp-content\/uploads\/2025\/04\/CONTRATO-PRESTACION-DE-SERVICIO.pdf\" target=\"_blank\" rel=\"noopener noreferrer\">CONTRATO PRESTACION DE SERVICIO &#8211;<\/a>\n\n\n\n<br><br><a href=\"https:\/\/community.secop.gov.co\/Public\/Tendering\/OpportunityDetail\/Index?noticeUID=CO1.NTC.7953531&amp;isFromPublicArea=True&amp;isModal=False\" target=\"_blank\" rel=\"noopener noreferrer\"><b>Link SECOP:<\/b> https:\/\/community.secop.gov.co\/Public\/Tendering\/OpportunityDetail\/Index?noticeUID=CO1.NTC.7953531&amp;isFromPublicArea=True&amp;isModal=False<\/a><br><br>\n\n\n\n<p id=\"block-c80ffd8b-74c8-40fa-9cd6-da23962771b3\"><strong><strong>CONTRATO NO. <\/strong><\/strong>1151.20.6.002-IESFP-2025<\/p>\n\n\n\n<p id=\"block-c80ffd8b-74c8-40fa-9cd6-da23962771b3\"><strong>OBJETO: <strong>\u201c<\/strong><\/strong>PRESTACION DE SERVICIOS DE<br>ADMINISTRACION Y MANTENIMIENTO PAGINA WEB INSTITUCIONAL INCLUYE HOSTING DURANTE EL A\u00d1O 2025<strong><strong><strong><strong><strong>\u201d<\/strong><\/strong><\/strong><\/strong>.<\/strong><\/p>\n\n\n\n<p><strong>FECHA DEL CONTRATO:<\/strong> 01 ABRIL DE 2025<br><strong>ESTADO: <\/strong>EN EJECUCION<\/p>\n\n\n\n<a href=\"https:\/\/www.iesagradafamiliapotrerillopalmira.edu.co\/wp-content\/uploads\/2025\/04\/1.-ESTUDIOS-PREVIOS-ok-2.pdf\" target=\"_blank\" rel=\"noopener noreferrer\">ESTUDIOS PREVIOS &#8211; <\/a>\n\n\n\n<a href=\"https:\/\/www.iesagradafamiliapotrerillopalmira.edu.co\/wp-content\/uploads\/2025\/04\/4.-ACTO-ADMINISTRATIVO-DE-JUSTIFICACION-ok-1.pdf\" target=\"_blank\" rel=\"noopener noreferrer\">ACTO ADMINISTRATIVO DE JUSTIFICACION &#8211;<\/a>\n\n\n\n<a href=\"https:\/\/www.iesagradafamiliapotrerillopalmira.edu.co\/wp-content\/uploads\/2025\/04\/ACTA-DE-INICIO-1.pdf\" target=\"_blank\" rel=\"noopener noreferrer\">ACTA DE INICIO &#8211; <\/a>\n\n\n\n<a href=\"https:\/\/www.iesagradafamiliapotrerillopalmira.edu.co\/wp-content\/uploads\/2025\/04\/CONTRATO-PRESTACION-DE-SERVICIO-1.pdf\" target=\"_blank\" rel=\"noopener noreferrer\">CONTRATO PRESTACION DE SERVICIO &#8211;<\/a>\n\n\n\n<br><br><a href=\"https:\/\/community.secop.gov.co\/Public\/Tendering\/OpportunityDetail\/Index?noticeUID=CO1.NTC.7970150&amp;isFromPublicArea=True&amp;isModal=False\" target=\"_blank\" rel=\"noopener noreferrer\"><b>Link SECOP:<\/b> https:\/\/community.secop.gov.co\/Public\/Tendering\/OpportunityDetail\/Index?noticeUID=CO1.NTC.7970150&amp;isFromPublicArea=True&amp;isModal=False<\/a><br><br>\n\n\n\n<p id=\"block-0459dd0c-174b-40c2-9d0e-4d5f8ef34f44\"><strong><br>CONTRATO NO. <\/strong>1151.20.6.003-IESFP-2025<\/p>\n\n\n\n<p id=\"block-c80ffd8b-74c8-40fa-9cd6-da23962771b3\"><strong>OBJETO: \u00ab<\/strong>SERVICIO DE RENOVACION LICENCIA DE USO DE SOFTWARE INVENTARIOS 2025-2026<strong>\u201d.<\/strong><\/p>\n\n\n\n<p><strong>FECHA DEL CONTRATO:<\/strong> 04 ABRIL DE 2025<br><strong>ESTADO: <\/strong>EN EJECUCION<\/p>\n\n\n\n<a href=\"https:\/\/www.iesagradafamiliapotrerillopalmira.edu.co\/wp-content\/uploads\/2025\/04\/1.-ESTUDIOS-PREVIOS-ok-3.pdf\" target=\"_blank\" rel=\"noopener noreferrer\">ESTUDIOS PREVIOS &#8211; <\/a>\n\n\n\n<a href=\"https:\/\/www.iesagradafamiliapotrerillopalmira.edu.co\/wp-content\/uploads\/2025\/04\/4.-ACTO-ADMINISTRATIVO-DE-JUSTIFICACION-ok-2.pdf\" target=\"_blank\" rel=\"noopener noreferrer\">ACTO ADMINISTRATIVO DE JUSTIFICACION &#8211;<\/a>\n\n\n\n<a href=\"https:\/\/www.iesagradafamiliapotrerillopalmira.edu.co\/wp-content\/uploads\/2025\/04\/ACTA-DE-INICIO-2.pdf\" target=\"_blank\" rel=\"noopener noreferrer\">ACTA DE INICIO &#8211; <\/a>\n\n\n\n<a href=\"https:\/\/www.iesagradafamiliapotrerillopalmira.edu.co\/wp-content\/uploads\/2025\/04\/CONTRATO-PRESTACION-DE-SERVICIO-2.pdf\" target=\"_blank\" rel=\"noopener noreferrer\">CONTRATO PRESTACION DE SERVICIO &#8211;<\/a>\n\n\n\n<br><br><a href=\"https:\/\/community.secop.gov.co\/Public\/Tendering\/OpportunityDetail\/Index?noticeUID=CO1.NTC.7970403&amp;isFromPublicArea=True&amp;isModal=False\" target=\"_blank\" rel=\"noopener noreferrer\"><b>Link SECOP:<\/b> https:\/\/community.secop.gov.co\/Public\/Tendering\/OpportunityDetail\/Index?noticeUID=CO1.NTC.7970403&amp;isFromPublicArea=True&amp;isModal=False<\/a><br><br>\n\n\n\n<p id=\"block-0459dd0c-174b-40c2-9d0e-4d5f8ef34f44\"><strong><br>CONTRATO NO. <\/strong>1151.20.6.004-IESFP-2025<\/p>\n\n\n\n<p id=\"block-c80ffd8b-74c8-40fa-9cd6-da23962771b3\"><strong>OBJETO: \u00ab<\/strong>SERVICIO DE ACTUALIZACION Y MANTENIMIENTO DEL SOFTWARE VISUALCX PROGRAMA DE NOTAS PARA EL A\u00d1O LECTIVO 2025<strong>\u201d.<\/strong><\/p>\n\n\n\n<p><strong>FECHA DEL CONTRATO:<\/strong> 04 ABRIL DE 2025<br><strong>ESTADO: <\/strong>EN EJECUCION<\/p>\n\n\n\n<a href=\"https:\/\/www.iesagradafamiliapotrerillopalmira.edu.co\/wp-content\/uploads\/2025\/04\/1.-ESTUDIOS-PREVIOS-ok-4.pdf\" target=\"_blank\" rel=\"noopener noreferrer\">ESTUDIOS PREVIOS &#8211; <\/a>\n\n\n\n<a href=\"https:\/\/www.iesagradafamiliapotrerillopalmira.edu.co\/wp-content\/uploads\/2025\/04\/4.-ACTO-ADMINISTRATIVO-DE-JUSTIFICACION-ok-3.pdf\" target=\"_blank\" rel=\"noopener noreferrer\">ACTO ADMINISTRATIVO DE JUSTIFICACION &#8211;<\/a>\n\n\n\n<a href=\"https:\/\/www.iesagradafamiliapotrerillopalmira.edu.co\/wp-content\/uploads\/2025\/04\/ACTA-DE-INICIO-3.pdf\" target=\"_blank\" rel=\"noopener noreferrer\">ACTA DE INICIO &#8211; <\/a>\n\n\n\n<a href=\"https:\/\/www.iesagradafamiliapotrerillopalmira.edu.co\/wp-content\/uploads\/2025\/04\/CONTRATO-PRESTACION-DE-SERVICIO-3.pdf\" target=\"_blank\" rel=\"noopener noreferrer\">CONTRATO PRESTACION DE SERVICIO &#8211;<\/a>\n\n\n\n<br><br><a href=\"https:\/\/community.secop.gov.co\/Public\/Tendering\/OpportunityDetail\/Index?noticeUID=CO1.NTC.7970191&amp;isFromPublicArea=True&amp;isModal=False\" target=\"_blank\" rel=\"noopener noreferrer\"><b>Link SECOP:<\/b> https:\/\/community.secop.gov.co\/Public\/Tendering\/OpportunityDetail\/Index?noticeUID=CO1.NTC.7970191&amp;isFromPublicArea=True&amp;isModal=False<\/a><br><br>\n\n\n\n<p id=\"block-0459dd0c-174b-40c2-9d0e-4d5f8ef34f44\"><strong><br>CONTRATO NO. <\/strong>1151.20.6.006-IESFP-2025<\/p>\n\n\n\n<p id=\"block-c80ffd8b-74c8-40fa-9cd6-da23962771b3\"><strong>OBJETO: \u00ab<\/strong>PRESTACION DE SERVICIO PARA EL MANTENIMIENTO DE SOFTWARE Y SOPORTE TECNICO (MST) DEL SISTEMA DE INFORMACION ASCII<strong>\u201d.<\/strong><\/p>\n\n\n\n<p><strong>FECHA DEL CONTRATO:<\/strong> 11 ABRIL DE 2025<br><strong>ESTADO: <\/strong>EN EJECUCION<\/p>\n\n\n\n<a href=\"https:\/\/www.iesagradafamiliapotrerillopalmira.edu.co\/wp-content\/uploads\/2025\/04\/1.-ESTUDIOS-PREVIOS-ok-5.pdf\" target=\"_blank\" rel=\"noopener noreferrer\">ESTUDIOS PREVIOS &#8211; <\/a>\n\n\n\n<a href=\"https:\/\/www.iesagradafamiliapotrerillopalmira.edu.co\/wp-content\/uploads\/2025\/04\/4.-ACTO-ADMINISTRATIVO-DE-JUSTIFICACION-ok-4.pdf\" target=\"_blank\" rel=\"noopener noreferrer\">ACTO ADMINISTRATIVO DE JUSTIFICACION &#8211;<\/a>\n\n\n\n<a href=\"https:\/\/www.iesagradafamiliapotrerillopalmira.edu.co\/wp-content\/uploads\/2025\/04\/ACTA-DE-INICIO-5.pdf\" target=\"_blank\" rel=\"noopener noreferrer\">ACTA DE INICIO &#8211; <\/a>\n\n\n\n<a href=\"https:\/\/www.iesagradafamiliapotrerillopalmira.edu.co\/wp-content\/uploads\/2025\/04\/CONTRATO-PRESTACION-DE-SERVICIO-5.pdf\" target=\"_blank\" rel=\"noopener noreferrer\">CONTRATO PRESTACION DE SERVICIO &#8211;<\/a>\n\n\n\n<br><br><a href=\"\" target=\"_blank\" rel=\"noopener noreferrer\"><b>Link SECOP:<\/b> https:\/\/community.secop.gov.co\/Public\/Tendering\/OpportunityDetail\/Index?noticeUID=CO1.NTC.7970191&amp;isFromPublicArea=True&amp;isModal=False<\/a><br><br>\n","protected":false},"excerpt":{"rendered":"<p>CONTRATO NO. 1151.20.6.001-IESFP-2025 OBJETO: \u201cPRESTACION DE SERVICIOS PROFESIONALES COMO CONTADOR P\u00daBLICO PARA APOYAR LA GESTI\u00d3N FINANCIERA, PRESUPUESTAL Y APOYO A LA GESTI\u00d3N DOCUMENTAL INHERENTES AL PROCESOFINANCIERO Y CONTABLE DURANTE LOS MESES DE ABRIL A DICIEMBRE 2025\u201d. FECHA DEL CONTRATO: 01 ABRIL DE 2025ESTADO: EN EJECUCION ESTUDIOS PREVIOS &#8211; ACTO ADMINISTRATIVO DE JUSTIFICACION &#8211; ACTA DE [&hellip;]<\/p>\n","protected":false},"author":1,"featured_media":0,"parent":0,"menu_order":0,"comment_status":"closed","ping_status":"closed","template":"","meta":[],"_links":{"self":[{"href":"https:\/\/www.iesagradafamiliapotrerillopalmira.edu.co\/index.php\/wp-json\/wp\/v2\/pages\/930"}],"collection":[{"href":"https:\/\/www.iesagradafamiliapotrerillopalmira.edu.co\/index.php\/wp-json\/wp\/v2\/pages"}],"about":[{"href":"https:\/\/www.iesagradafamiliapotrerillopalmira.edu.co\/index.php\/wp-json\/wp\/v2\/types\/page"}],"author":[{"embeddable":true,"href":"https:\/\/www.iesagradafamiliapotrerillopalmira.edu.co\/index.php\/wp-json\/wp\/v2\/users\/1"}],"replies":[{"embeddable":true,"href":"https:\/\/www.iesagradafamiliapotrerillopalmira.edu.co\/index.php\/wp-json\/wp\/v2\/comments?post=930"}],"version-history":[{"count":20,"href":"https:\/\/www.iesagradafamiliapotrerillopalmira.edu.co\/index.php\/wp-json\/wp\/v2\/pages\/930\/revisions"}],"predecessor-version":[{"id":985,"href":"https:\/\/www.iesagradafamiliapotrerillopalmira.edu.co\/index.php\/wp-json\/wp\/v2\/pages\/930\/revisions\/985"}],"wp:attachment":[{"href":"https:\/\/www.iesagradafamiliapotrerillopalmira.edu.co\/index.php\/wp-json\/wp\/v2\/media?parent=930"}],"curies":[{"name":"wp","href":"https:\/\/api.w.org\/{rel}","templated":true}]}}