{"id":918,"date":"2025-04-08T13:23:27","date_gmt":"2025-04-08T13:23:27","guid":{"rendered":"https:\/\/www.iesagradafamiliapotrerillopalmira.edu.co\/?page_id=918"},"modified":"2025-04-10T17:08:25","modified_gmt":"2025-04-10T17:08:25","slug":"invitacion-publica-2025-2","status":"publish","type":"page","link":"https:\/\/www.iesagradafamiliapotrerillopalmira.edu.co\/index.php\/invitacion-publica-2025-2\/","title":{"rendered":"INVITACION PUBLICA 2025"},"content":{"rendered":"\n<p id=\"block-0459dd0c-174b-40c2-9d0e-4d5f8ef34f44\"><strong><br>INVITACI\u00d3N PUBLICA NO. 1151.20.6.005 &#8211; IESFP-2025<\/strong> El rector de la Instituci\u00f3n Educativa, de conformidad con Ley 715\/2001, decreto 4791\/2008 y Resoluci\u00f3n 522 (Marzo 1 de 2022) correspondiente a la Gu\u00eda Contractual para las Instituciones Educativas del Municipio de Palmira en aplicaci\u00f3n a la contrataci\u00f3n inferior a 20 salarios m\u00ednimos legales mensuales vigentes de los recursos de los Fondos De Servicios Educativos; Invita a todas las personas naturales y jur\u00eddicas, consorcios o uniones temporales a participar con las respectivas propuestas en el proceso de selecci\u00f3n que se adelantara con el fon de contratar:<\/p>\n\n\n\n<p id=\"block-c80ffd8b-74c8-40fa-9cd6-da23962771b3\"><strong>OBJETO: <\/strong><\/p>\n\n\n\n<p>\u201c<strong>PRESTACION DE SERVICIO DE<br>MANTENIMIENTO T\u00c9CNICO PREVENTIVO Y CORRECTIVO DEL EQUIPO MULTIFUNCIONAL<br>MARCA RICOH MODELO AFICIO MP \u2013 2554 DIGITAL A TODO COSTO EN LA SEDE CENTRAL DE<br>LA INSTITUCION EDUCATIVA SAGRADA FAMILIA POTRERILLO Vigencia 2025\u201d.<\/strong><\/p>\n\n\n\n<p id=\"block-19091fb8-8e31-4afe-8526-1f5b0b4045f0\"><strong>CUANTIA:<\/strong> $4.155.167<\/p>\n\n\n\n<p id=\"block-56dd9a99-73ae-410a-b9fe-15952d94b03a\"><strong>FECHA Y HORA DE PUBLICACI\u00d3N:<\/strong> 08 ABRIL DE 2025 9:00 am<\/p>\n\n\n\n<p id=\"block-d1b39ad1-f0c6-4e35-bac9-f5cbdb947950\"><strong>FECHA Y HORA DE TERMINACI\u00d3N:<\/strong><\/p>\n\n\n\n<p id=\"block-c4cd90a1-bc8b-41ba-8062-95963d857761\"><strong>ESTADO INVITACI\u00d3N: <\/strong>Publicado<\/p>\n\n\n\n<a href=\"https:\/\/www.iesagradafamiliapotrerillopalmira.edu.co\/wp-content\/uploads\/2025\/04\/1.-ESTUDIOS-PREVIOS-ok-1.pdf\" target=\"_blank\" rel=\"noopener noreferrer\">ESTUDIOS PREVIOS &#8211; <\/a>\n\n\n\n<a href=\"https:\/\/www.iesagradafamiliapotrerillopalmira.edu.co\/wp-content\/uploads\/2025\/04\/2.-AVISO-INVITACION-OK.pdf\" target=\"_blank\" rel=\"noopener noreferrer\">AVISO INVITACION &#8211;<\/a>\n\n\n\n<a href=\"https:\/\/www.iesagradafamiliapotrerillopalmira.edu.co\/wp-content\/uploads\/2025\/04\/3.-INFORME-DE-EVALUACION.pdf\" target=\"_blank\" rel=\"noopener noreferrer\">INFORME DE EVALUACI\u00d3N &#8211;<\/a>\n\n\n\n<a href=\"https:\/\/www.iesagradafamiliapotrerillopalmira.edu.co\/wp-content\/uploads\/2025\/04\/4.-AVISO-DE-ADJUDICACION-ok-1.pdf\" target=\"_blank\" rel=\"noopener noreferrer\">AVISO DE ADJUDICACI\u00d3N &#8211;<\/a>\n\n\n\n<a href=\"https:\/\/www.iesagradafamiliapotrerillopalmira.edu.co\/wp-content\/uploads\/2025\/04\/CONTRATO-PRESTACION-DE-SERVICIO-4.pdf\" target=\"_blank\" rel=\"noopener noreferrer\">CONTRATO PRESTACI\u00d3N DE SERVICIO &#8211;<\/a>\n\n\n\n<a href=\"https:\/\/www.iesagradafamiliapotrerillopalmira.edu.co\/wp-content\/uploads\/2025\/04\/ACTA-DE-INICIO-4.pdf\" target=\"_blank\" rel=\"noopener noreferrer\">ACTA DE INICIO &#8211;<\/a>\n","protected":false},"excerpt":{"rendered":"<p>INVITACI\u00d3N PUBLICA NO. 1151.20.6.005 &#8211; IESFP-2025 El rector de la Instituci\u00f3n Educativa, de conformidad con Ley 715\/2001, decreto 4791\/2008 y Resoluci\u00f3n 522 (Marzo 1 de 2022) correspondiente a la Gu\u00eda Contractual para las Instituciones Educativas del Municipio de Palmira en aplicaci\u00f3n a la contrataci\u00f3n inferior a 20 salarios m\u00ednimos legales mensuales vigentes de los recursos [&hellip;]<\/p>\n","protected":false},"author":1,"featured_media":0,"parent":0,"menu_order":0,"comment_status":"closed","ping_status":"closed","template":"","meta":[],"_links":{"self":[{"href":"https:\/\/www.iesagradafamiliapotrerillopalmira.edu.co\/index.php\/wp-json\/wp\/v2\/pages\/918"}],"collection":[{"href":"https:\/\/www.iesagradafamiliapotrerillopalmira.edu.co\/index.php\/wp-json\/wp\/v2\/pages"}],"about":[{"href":"https:\/\/www.iesagradafamiliapotrerillopalmira.edu.co\/index.php\/wp-json\/wp\/v2\/types\/page"}],"author":[{"embeddable":true,"href":"https:\/\/www.iesagradafamiliapotrerillopalmira.edu.co\/index.php\/wp-json\/wp\/v2\/users\/1"}],"replies":[{"embeddable":true,"href":"https:\/\/www.iesagradafamiliapotrerillopalmira.edu.co\/index.php\/wp-json\/wp\/v2\/comments?post=918"}],"version-history":[{"count":8,"href":"https:\/\/www.iesagradafamiliapotrerillopalmira.edu.co\/index.php\/wp-json\/wp\/v2\/pages\/918\/revisions"}],"predecessor-version":[{"id":980,"href":"https:\/\/www.iesagradafamiliapotrerillopalmira.edu.co\/index.php\/wp-json\/wp\/v2\/pages\/918\/revisions\/980"}],"wp:attachment":[{"href":"https:\/\/www.iesagradafamiliapotrerillopalmira.edu.co\/index.php\/wp-json\/wp\/v2\/media?parent=918"}],"curies":[{"name":"wp","href":"https:\/\/api.w.org\/{rel}","templated":true}]}}