{"id":897,"date":"2025-01-20T12:36:38","date_gmt":"2025-01-20T12:36:38","guid":{"rendered":"https:\/\/www.iesagradafamiliapotrerillopalmira.edu.co\/?page_id=897"},"modified":"2025-01-27T16:55:27","modified_gmt":"2025-01-27T16:55:27","slug":"invitacion-publica-2025","status":"publish","type":"page","link":"https:\/\/www.iesagradafamiliapotrerillopalmira.edu.co\/index.php\/invitacion-publica-2025\/","title":{"rendered":"Tienda Escolar"},"content":{"rendered":"\n<p id=\"block-4262271f-5b38-489f-becd-8d6df4d5f97e\"><strong>INVITACI\u00d3N PUBLICA NO. 001-IESFP-2025<\/strong><\/p>\n\n\n\n<p>De conformidad con lo dispuesto por el art\u00edculo 365 Constituci\u00f3n Pol\u00edtica; art\u00edculo 32 numeral 4 Ley 80 de 1993, ley 11de 1994, ley 715 de 2001 Decreto 1082 de 2015, Art\u00edculo 2.3.1.6.3.5. Decreto 1075 de 2015 y dem\u00e1s normas concordantes en la materia. Se presenta el siguiente estudio previo para adelantar el proceso de contrataci\u00f3n que no supera los 20 SMMLV para la concesi\u00f3n del espacio f\u00edsico destinado para la tienda escolar de la sede principal de la Instituci\u00f3n Educativa.<\/p>\n\n\n\n<p id=\"block-9d8d683d-3af3-4c03-809d-afb5c563da62\"><strong>OBJETO:<\/strong><\/p>\n\n\n\n<p id=\"block-a000dd62-aeb8-4e22-a275-a713e95aad7b\"><strong>\u201cCONCESI\u00d3N DE ESPACIOS FISICOS DESTINADO PARA LA PRESTACION DEL SERVICIO DE TIENDA ESCOLAR DENTRO DE LAS INSTALACIONES DE LA INSTITUCI\u00d3N EDUCATIVA SAGRADA FAMILIA POTRERILLO\u201d.<\/strong><\/p>\n\n\n\n<p id=\"block-c83c9d0a-a2c7-4a82-baae-834ad326309e\"><strong>CUANTIA:<\/strong> <\/p>\n\n\n\n<p id=\"block-d5846fc6-7b1f-4693-8834-ec0beaa718ff\"><strong>FECHA Y HORA DE PUBLICACI\u00d3N:<\/strong> 20 ENERO DE 2025 8:00 a.m.<\/p>\n\n\n\n<p id=\"block-95ddbdf1-d804-4033-9f67-5d3fa5e4ad19\"><strong>FECHA Y HORA DE TERMINACI\u00d3N:<\/strong><\/p>\n\n\n\n<p id=\"block-cc944c9e-a95b-4538-b23e-507254d62c5f\"><strong>ESTADO INVITACI\u00d3N: <\/strong>Publicado<\/p>\n\n\n\n<a href=\"https:\/\/www.iesagradafamiliapotrerillopalmira.edu.co\/wp-content\/uploads\/2025\/01\/INVITACION-PUBLICA-TIENDA-ESCOLAR.pdf\" target=\"_blank\" rel=\"noopener noreferrer\">INVITACI\u00d3N PUBLICA-<\/a>\n\n\n\n<a href=\"https:\/\/www.iesagradafamiliapotrerillopalmira.edu.co\/wp-content\/uploads\/2025\/01\/ESTUDIOS-PREVIOS-TIENDA.pdf\" target=\"_blank\" rel=\"noopener noreferrer\">ESTUDIOS PREVIOS &#8211;<\/a>\n\n\n\n<a href=\"https:\/\/www.iesagradafamiliapotrerillopalmira.edu.co\/wp-content\/uploads\/2025\/01\/INFORME-DE-EVALUACION.pdf\" target=\"_blank\" rel=\"noopener noreferrer\">INFORME EVALUACION<\/a>\n\n\n\n<a href=\"https:\/\/www.iesagradafamiliapotrerillopalmira.edu.co\/wp-content\/uploads\/2025\/01\/CONTRATO.pdf\" target=\"_blank\" rel=\"noopener noreferrer\">CONTRATO<\/a>\n","protected":false},"excerpt":{"rendered":"<p>INVITACI\u00d3N PUBLICA NO. 001-IESFP-2025 De conformidad con lo dispuesto por el art\u00edculo 365 Constituci\u00f3n Pol\u00edtica; art\u00edculo 32 numeral 4 Ley 80 de 1993, ley 11de 1994, ley 715 de 2001 Decreto 1082 de 2015, Art\u00edculo 2.3.1.6.3.5. Decreto 1075 de 2015 y dem\u00e1s normas concordantes en la materia. Se presenta el siguiente estudio previo para adelantar [&hellip;]<\/p>\n","protected":false},"author":2,"featured_media":0,"parent":0,"menu_order":0,"comment_status":"closed","ping_status":"closed","template":"","meta":[],"_links":{"self":[{"href":"https:\/\/www.iesagradafamiliapotrerillopalmira.edu.co\/index.php\/wp-json\/wp\/v2\/pages\/897"}],"collection":[{"href":"https:\/\/www.iesagradafamiliapotrerillopalmira.edu.co\/index.php\/wp-json\/wp\/v2\/pages"}],"about":[{"href":"https:\/\/www.iesagradafamiliapotrerillopalmira.edu.co\/index.php\/wp-json\/wp\/v2\/types\/page"}],"author":[{"embeddable":true,"href":"https:\/\/www.iesagradafamiliapotrerillopalmira.edu.co\/index.php\/wp-json\/wp\/v2\/users\/2"}],"replies":[{"embeddable":true,"href":"https:\/\/www.iesagradafamiliapotrerillopalmira.edu.co\/index.php\/wp-json\/wp\/v2\/comments?post=897"}],"version-history":[{"count":4,"href":"https:\/\/www.iesagradafamiliapotrerillopalmira.edu.co\/index.php\/wp-json\/wp\/v2\/pages\/897\/revisions"}],"predecessor-version":[{"id":916,"href":"https:\/\/www.iesagradafamiliapotrerillopalmira.edu.co\/index.php\/wp-json\/wp\/v2\/pages\/897\/revisions\/916"}],"wp:attachment":[{"href":"https:\/\/www.iesagradafamiliapotrerillopalmira.edu.co\/index.php\/wp-json\/wp\/v2\/media?parent=897"}],"curies":[{"name":"wp","href":"https:\/\/api.w.org\/{rel}","templated":true}]}}