{"id":736,"date":"2024-02-20T01:53:49","date_gmt":"2024-02-20T01:53:49","guid":{"rendered":"https:\/\/www.iesagradafamiliapotrerillopalmira.edu.co\/?page_id=736"},"modified":"2024-02-22T15:42:33","modified_gmt":"2024-02-22T15:42:33","slug":"concesion-tienda-escolar-2024","status":"publish","type":"page","link":"https:\/\/www.iesagradafamiliapotrerillopalmira.edu.co\/index.php\/concesion-tienda-escolar-2024\/","title":{"rendered":"CONCESI\u00d3N TIENDA ESCOLAR 2024"},"content":{"rendered":"\n<p><strong>INVITACI\u00d3N No. 001-IESFP-2024<\/strong><\/p>\n\n\n\n<p><strong>INVITACI\u00d3N P\u00daBLICA A PRESENTAR OFERTA EN EL PROCESO DE SELECCI\u00d3N PARA ADJUDICAR EL USO DEL ESPACIO FISICO PARA EL FUNCIONAMIENTO EXCLUSIVO DELA TIENDA ESCOLAR DENTRO DE LAS INSTALACIONES DE LA INSTITUCI\u00d3N<\/strong>.<\/p>\n\n\n\n<p><strong>EDUCATIVA SAGRADA FAMILIA POTRERILLO<\/strong><\/p>\n\n\n\n<p><strong>PUBLICACI\u00d3N DE INVITACI\u00d3N PUBLICA<\/strong>: 20 DE FEBRERO DE 2024<br>A LAS 9:00 AM<\/p>\n\n\n\n<p><strong>FECHA TERMINACION: <\/strong> 23 DE FEBRERO DE 2024 A LAS 9:00 AM<\/p>\n\n\n\n<p><strong>ESTADO INVITACION:<\/strong> ABIERTA<\/p>\n\n\n\n<p><strong>EVALUACION:<\/strong> 23 DE FEBRERO DE 2024 A LAS 9:00 AM<\/p>\n\n\n\n<p><strong>OBSERVACIONES: <\/strong>22 DE FEBRERO DE 2024 HASTA LA 11:00 AM<\/p>\n\n\n\n<a target=\"_blank\" href=\"https:\/\/www.iesagradafamiliapotrerillopalmira.edu.co\/wp-content\/uploads\/2024\/02\/ESTUDIOS-PREVIOS-TIENDA.pdf\" rel=\"noopener noreferrer\">1.ESTUDIOS PREVIOS<\/a><br>\n\n\n\n<a target=\"_blank\" href=\"https:\/\/www.iesagradafamiliapotrerillopalmira.edu.co\/wp-content\/uploads\/2024\/02\/INVITACION-PUBLICA-TIENDA-ESCOLAR.pdf\" rel=\"noopener noreferrer\">2.INVITACION PUBLICA TIENDA ESCOLAR<\/a><br>\n\n\n\n<a target=\"_blank\" href=\"https:\/\/www.iesagradafamiliapotrerillopalmira.edu.co\/wp-content\/uploads\/2024\/02\/ACTA-DE-CIERRE.pdf\" rel=\"noopener noreferrer\">3.ACTA DE CIERRE<\/a><br>\n\n\n\n<a target=\"_blank\" href=\"https:\/\/www.iesagradafamiliapotrerillopalmira.edu.co\/wp-content\/uploads\/2024\/02\/ACTA-DE-APERTURA-DE-SOBRES.pdf\" rel=\"noopener noreferrer\">4.ACTA DE APERTURA DE SOBRES<\/a><br>\n\n\n\n<a target=\"_blank\" href=\"https:\/\/www.iesagradafamiliapotrerillopalmira.edu.co\/wp-content\/uploads\/2024\/02\/INFORME-DE-EVALUACION.pdf\" rel=\"noopener noreferrer\">5.INFORME DE EVALUACION<\/a><br>\n","protected":false},"excerpt":{"rendered":"<p>INVITACI\u00d3N No. 001-IESFP-2024 INVITACI\u00d3N P\u00daBLICA A PRESENTAR OFERTA EN EL PROCESO DE SELECCI\u00d3N PARA ADJUDICAR EL USO DEL ESPACIO FISICO PARA EL FUNCIONAMIENTO EXCLUSIVO DELA TIENDA ESCOLAR DENTRO DE LAS INSTALACIONES DE LA INSTITUCI\u00d3N. EDUCATIVA SAGRADA FAMILIA POTRERILLO PUBLICACI\u00d3N DE INVITACI\u00d3N PUBLICA: 20 DE FEBRERO DE 2024A LAS 9:00 AM FECHA TERMINACION: 23 DE FEBRERO [&hellip;]<\/p>\n","protected":false},"author":2,"featured_media":0,"parent":0,"menu_order":0,"comment_status":"closed","ping_status":"closed","template":"","meta":[],"_links":{"self":[{"href":"https:\/\/www.iesagradafamiliapotrerillopalmira.edu.co\/index.php\/wp-json\/wp\/v2\/pages\/736"}],"collection":[{"href":"https:\/\/www.iesagradafamiliapotrerillopalmira.edu.co\/index.php\/wp-json\/wp\/v2\/pages"}],"about":[{"href":"https:\/\/www.iesagradafamiliapotrerillopalmira.edu.co\/index.php\/wp-json\/wp\/v2\/types\/page"}],"author":[{"embeddable":true,"href":"https:\/\/www.iesagradafamiliapotrerillopalmira.edu.co\/index.php\/wp-json\/wp\/v2\/users\/2"}],"replies":[{"embeddable":true,"href":"https:\/\/www.iesagradafamiliapotrerillopalmira.edu.co\/index.php\/wp-json\/wp\/v2\/comments?post=736"}],"version-history":[{"count":11,"href":"https:\/\/www.iesagradafamiliapotrerillopalmira.edu.co\/index.php\/wp-json\/wp\/v2\/pages\/736\/revisions"}],"predecessor-version":[{"id":757,"href":"https:\/\/www.iesagradafamiliapotrerillopalmira.edu.co\/index.php\/wp-json\/wp\/v2\/pages\/736\/revisions\/757"}],"wp:attachment":[{"href":"https:\/\/www.iesagradafamiliapotrerillopalmira.edu.co\/index.php\/wp-json\/wp\/v2\/media?parent=736"}],"curies":[{"name":"wp","href":"https:\/\/api.w.org\/{rel}","templated":true}]}}