{"id":712,"date":"2024-02-15T01:26:58","date_gmt":"2024-02-15T01:26:58","guid":{"rendered":"https:\/\/www.iesagradafamiliapotrerillopalmira.edu.co\/?page_id=712"},"modified":"2024-09-30T15:23:11","modified_gmt":"2024-09-30T15:23:11","slug":"contratacion-directa-2024","status":"publish","type":"page","link":"https:\/\/www.iesagradafamiliapotrerillopalmira.edu.co\/index.php\/contratacion-directa-2024\/","title":{"rendered":"CONTRATACION DIRECTA 2024"},"content":{"rendered":"\n<p><strong>CONTRATO No<\/strong>: 1151.20.6.001-IESFP-2024<\/p>\n\n\n\n<p><strong>OBJETO: <\/strong>\u201cPRESTACION DE SERVICIO PARA SOPORTE Y ADQUISICION DE<br>PAQUETE DE 400 FACTURAS ELECTRONICAS A TRAVES DE UNA<br>PLATAFORMA WEB DE GESTION DE FACTURACION ELECTRONICA<br>AVALADO POR UN PROVEEDOR TECNOLOGICO CERTIFICADO POR LA<br>DIAN\u201d.<\/p>\n\n\n\n<p><strong>FECHA DEL CONTRATO:<\/strong> 09 FEBRERO DE 2024<\/p>\n\n\n\n<p><strong>ESTADO: <\/strong>LIQUIDADO<\/p>\n\n\n\n<a href=\"https:\/\/www.iesagradafamiliapotrerillopalmira.edu.co\/wp-content\/uploads\/2024\/02\/1.-ESTUDIOS-PREVIOS-ok.pdf\" target=\"_blank\" rel=\"noopener noreferrer\"> 1.ESTUDIOS PREVIOS<\/a><br>\n\n\n\n<a href=\"https:\/\/www.iesagradafamiliapotrerillopalmira.edu.co\/wp-content\/uploads\/2024\/02\/4.-ACTO-ADMINISTRATIVO-DE-JUSTIFICACION-ok.pdf\" target=\"_blank\" rel=\"noopener noreferrer\">2.ACTO ADMINISTRATIVO DE JUSTIFICACION<\/a><br>\n\n\n\n<a href=\"https:\/\/www.iesagradafamiliapotrerillopalmira.edu.co\/wp-content\/uploads\/2024\/02\/ACTA-DE-INICIO.pdf\" target=\"_blank\" rel=\"noopener noreferrer\"> 3.ACTA DE INICIO<\/a><br>\n\n\n\n<a href=\"https:\/\/www.iesagradafamiliapotrerillopalmira.edu.co\/wp-content\/uploads\/2024\/02\/ACTA-LIQUIDACION.pdf\" target=\"_blank\" rel=\"noopener noreferrer\"> 4.ACTA LIQUIDACION<\/a><br>\n\n\n\n<a href=\"https:\/\/www.iesagradafamiliapotrerillopalmira.edu.co\/wp-content\/uploads\/2024\/02\/CONTRATO-PRESTACION-DE-SERVICIO-SAGRADA-FAMILIA.pdf\" target=\"_blank\" rel=\"noopener noreferrer\"> 5.CONTRATO PRESTACION DE SERVICIO SAGRADA FAMILIA<\/a><br>\n<br>\n\n\n\n<p><strong>LINK SECOP: <a rel=\"noreferrer noopener\" href=\"https:\/\/community.secop.gov.co\/Public\/Tendering\/OpportunityDetail\/Index?noticeUID=CO1.NTC.5646022&amp;isFromPublicArea=True&amp;isModal=False\" target=\"_blank\">https:\/\/community.secop.gov.co\/Public\/Tendering\/OpportunityDetail\/Index?noticeUID=CO1.NTC.5646022&amp;isFromPublicArea=True&amp;isModal=False<\/a><\/strong><\/p>\n\n\n\n<div style=\"height:50px\"><\/div>\n\n\n\n<p><strong>CONTRATO No<\/strong>: 1151.20.6.002-IESFP-2024<\/p>\n\n\n\n<p><strong>OBJETO: <\/strong>\u201cPRESTACION DE SERVICIOS PROFESIONALES COMO CONTADOR<br>P\u00daBLICO PARA APOYAR LA GESTI\u00d3N FINANCIERA, PRESUPUESTAL Y<br>APOYO A LA GESTI\u00d3N DOCUMENTAL INHERENTES AL PROCESO<br>FINANCIERO Y CONTABLE DURANTE LOS MESES DE ABRIL A<br>DICIEMBRE 2024\u201d.<\/p>\n\n\n\n<p><strong>FECHA DEL CONTRATO:<\/strong> 17 ABRIL DE 2024<\/p>\n\n\n\n<p><strong>ESTADO: <\/strong>CELEBRADO<\/p>\n\n\n\n<a href=\"https:\/\/www.iesagradafamiliapotrerillopalmira.edu.co\/wp-content\/uploads\/2024\/04\/1.-ESTUDIOS-PREVIOS-act.pdf\" target=\"_blank\" rel=\"noopener noreferrer\"> 1.ESTUDIOS PREVIOS<\/a><br>\n\n\n\n<a href=\"https:\/\/www.iesagradafamiliapotrerillopalmira.edu.co\/wp-content\/uploads\/2024\/04\/4.-ACTO-ADMINISTRATIVO-DE-JUSTIFICACION-ok.pdf\" target=\"_blank\" rel=\"noopener noreferrer\">2.ACTO ADMINISTRATIVO DE JUSTIFICACION<\/a><br>\n\n\n\n<a href=\"https:\/\/www.iesagradafamiliapotrerillopalmira.edu.co\/wp-content\/uploads\/2024\/04\/ACTA-DE-INICIO.pdf\" target=\"_blank\" rel=\"noopener noreferrer\"> 3.ACTA DE INICIO<\/a><br>\n\n\n\n<a href=\"https:\/\/www.iesagradafamiliapotrerillopalmira.edu.co\/wp-content\/uploads\/2024\/04\/CONTRATO-PRESTACION-DE-SERVICIO.pdf\" target=\"_blank\" rel=\"noopener noreferrer\"> 4.CONTRATO PRESTACION DE SERVICIO SAGRADA FAMILIA<\/a><br>\n\n\n\n<p><strong>LINK SECOP:<\/strong> <a rel=\"noreferrer noopener\" href=\"https:\/\/community.secop.gov.co\/Public\/Tendering\/OpportunityDetail\/Index?noticeUID=CO1.NTC.6001454&amp;isFromPublicArea=True&amp;isModal=False\" target=\"_blank\">https:\/\/community.secop.gov.co\/Public\/Tendering\/OpportunityDetail\/Index?noticeUID=CO1.NTC.6001454&amp;isFromPublicArea=True&amp;isModal=False<\/a><\/p>\n\n\n\n<div style=\"height:50px\"><\/div>\n\n\n\n<p><\/p>\n\n\n\n<p id=\"block-36f6f8a6-fd4e-405e-aa61-4d67f5da4a24\"><strong>CONTRATO No<\/strong>: 1151.20.6.003-IESFP-2024<\/p>\n\n\n\n<p id=\"block-b48c6325-4db2-47b9-9b15-927a6660ee35\"><strong>OBJETO: <\/strong>\u201c<\/p>\n\n\n\n<p>\u201cPRESTACION DE SERVICIOS DE<br>ADMINISTRACION Y MANTENIMIENTO PAGINA WEB INSTITUCIONAL INCLUYE HOSTING<br>DURANTE EL A\u00d1O 2024\u201d.<\/p>\n\n\n\n<p id=\"block-c32eecb0-3f38-418b-999b-d3720a29b1e3\"><strong>FECHA DEL CONTRATO:<\/strong> 25 ABRIL DE 2024<\/p>\n\n\n\n<p id=\"block-124a25b9-d8da-42eb-a3a5-2c32451b8e7b\"><strong>ESTADO: <\/strong>CELEBRADO<\/p>\n\n\n\n<a href=\"https:\/\/www.iesagradafamiliapotrerillopalmira.edu.co\/wp-content\/uploads\/2024\/04\/1.-ESTUDIOS-PREVIOS-26.pdf\" target=\"_blank\" rel=\"noopener noreferrer\"> 1.ESTUDIOS PREVIOS<\/a><br>\n\n\n\n<a href=\"https:\/\/www.iesagradafamiliapotrerillopalmira.edu.co\/wp-content\/uploads\/2024\/04\/CONTRATO-PRESTACION-DE-SERVICIO26.pdf\" target=\"_blank\" rel=\"noopener noreferrer\"> 2.CONTRATO PRESTACION DE SERVICIO SAGRADA FAMILIA<\/a><br>\n\n\n\n<a href=\"https:\/\/www.iesagradafamiliapotrerillopalmira.edu.co\/wp-content\/uploads\/2024\/04\/3.-ACTO-ADMINISTRATIVO-DE-JUSTIFICACION-26.pdf\" target=\"_blank\" rel=\"noopener noreferrer\">3.ACTO ADMINISTRATIVO DE JUSTIFICACION<\/a><br>\n\n\n\n<p><\/p>\n\n\n\n<p><strong>LINK SECOP:<\/strong><\/p>\n\n\n\n<p><a rel=\"noreferrer noopener\" href=\"https:\/\/community.secop.gov.co\/Public\/Tendering\/OpportunityDetail\/Index?noticeUID=CO1.NTC.6038973&amp;isFromPublicArea=True&amp;isModal=False\" target=\"_blank\">https:\/\/community.secop.gov.co\/Public\/Tendering\/OpportunityDetail\/Index?noticeUID=CO1.NTC.6038973&amp;isFromPublicArea=True&amp;isModal=False<\/a><\/p>\n\n\n\n<p><\/p>\n\n\n\n<div style=\"height:50px\"><\/div>\n\n\n\n<p id=\"block-b28281a7-2956-4c64-bed9-baaf6b00c745\"><strong><br>CONTRATO No<\/strong>: 1151.20.6.004-IESFP-2024<\/p>\n\n\n\n<p id=\"block-ebf9a016-912f-43b2-ab60-cce314ec194e\"><strong>OBJETO: <\/strong>\u00abSERVICIO DE RENOVACION LICENCIA DE USO DE SOFTWARE<br>INVENTARIOS 2024-2025\u201d.<\/p>\n\n\n\n<p id=\"block-c3e127bb-c80a-42e1-a279-a99ba42f507e\"><strong>FECHA DEL CONTRATO:<\/strong> 25 ABRIL DE 2024<\/p>\n\n\n\n<p id=\"block-86e4c28b-49d5-4fe1-a91d-c0c0f6cb0b6c\"><strong>ESTADO: <\/strong>CELEBRADO<\/p>\n\n\n\n<a href=\"https:\/\/www.iesagradafamiliapotrerillopalmira.edu.co\/wp-content\/uploads\/2024\/04\/1.-ESTUDIOS-PREVIOS-ok-26-2.pdf\" target=\"_blank\" rel=\"noopener noreferrer\"> 1.ESTUDIOS PREVIOS<\/a><br>\n\n\n\n<a href=\"https:\/\/www.iesagradafamiliapotrerillopalmira.edu.co\/wp-content\/uploads\/2024\/04\/CONTRATO-PRESTACION-DE-SERVICIO-26-2.pdf\" target=\"_blank\" rel=\"noopener noreferrer\"> 2.CONTRATO PRESTACION DE SERVICIO SAGRADA FAMILIA<\/a><br>\n\n\n\n<a href=\"https:\/\/www.iesagradafamiliapotrerillopalmira.edu.co\/wp-content\/uploads\/2024\/04\/ACTA-DE-INICIO-26-2.pdf\"> 3.ACTA DE INICIO<\/a><br>\n\n\n\n<a href=\"https:\/\/www.iesagradafamiliapotrerillopalmira.edu.co\/wp-content\/uploads\/2024\/04\/4.-ACTO-ADMINISTRATIVO-DE-JUSTIFICACION-ok-26-2.pdf\" target=\"_blank\" rel=\"noopener noreferrer\">4.ACTO ADMINISTRATIVO DE JUSTIFICACION<\/a><br>\n\n\n\n<p id=\"block-b0974009-835a-4abe-8547-c87a9044a0e0\"><strong>LINK SECOP:<\/strong><\/p>\n\n\n\n<p id=\"block-ef37c9d5-9769-402d-a41a-f36211b86ec1\">link secop<\/p>\n\n\n\n<p id=\"block-ef37c9d5-9769-402d-a41a-f36211b86ec1\"><a rel=\"noreferrer noopener\" href=\"https:\/\/community.secop.gov.co\/Public\/Tendering\/OpportunityDetail\/Index?noticeUID=CO1.NTC.6038973&amp;isFromPublicArea=True&amp;isModal=False\" target=\"_blank\"><a rel=\"noreferrer noopener\" href=\"https:\/\/community.secop.gov.co\/Public\/Tendering\/OpportunityDetail\/Index?noticeUID=CO1.NTC.6039196&amp;isFromPublicArea=True&amp;isModal=False\" target=\"_blank\">https:\/\/community.secop.gov.co\/Public\/Tendering\/OpportunityDetail\/Index?noticeUID=CO1.NTC.6039196&amp;isFromPublicArea=True&amp;isModal=False<\/a><\/a><\/p>\n\n\n\n<div style=\"height:50px\"><\/div>\n\n\n\n<p id=\"block-b28281a7-2956-4c64-bed9-baaf6b00c745\"><strong><br>CONTRATO No<\/strong>: 1151.20.6.005-IESFP-2024<\/p>\n\n\n\n<p id=\"block-ebf9a016-912f-43b2-ab60-cce314ec194e\"><strong>OBJETO: <\/strong>\u00abSERVICIO DE ACTUALIZACION Y MANTENIMIENTO DEL SOFTWARE<br>VISUALCX PROGRAMA DE NOTAS PARA EL A\u00d1O LECTIVO 2024\u201d.<\/p>\n\n\n\n<p id=\"block-c3e127bb-c80a-42e1-a279-a99ba42f507e\"><strong>FECHA DEL CONTRATO:<\/strong> 25 ABRIL DE 2024<\/p>\n\n\n\n<p id=\"block-86e4c28b-49d5-4fe1-a91d-c0c0f6cb0b6c\"><strong>ESTADO: <\/strong>CELEBRADO<\/p>\n\n\n\n<a href=\"https:\/\/www.iesagradafamiliapotrerillopalmira.edu.co\/wp-content\/uploads\/2024\/04\/1.-ESTUDIOS-PREVIOS-ok-1.pdf\" target=\"_blank\" rel=\"noopener noreferrer\"> 1.ESTUDIOS PREVIOS<\/a><br>\n\n\n\n<a href=\"https:\/\/www.iesagradafamiliapotrerillopalmira.edu.co\/wp-content\/uploads\/2024\/04\/CONTRATO-PRESTACION-DE-SERVICIO-1.pdf\" target=\"_blank\" rel=\"noopener noreferrer\"> 2.CONTRATO PRESTACION DE SERVICIO SAGRADA FAMILIA<\/a><br>\n\n\n\n<a href=\"https:\/\/www.iesagradafamiliapotrerillopalmira.edu.co\/wp-content\/uploads\/2024\/04\/ACTA-DE-INICIO-1.pdf\"> 3.ACTA DE INICIO<\/a><br>\n\n\n\n<a href=\"https:\/\/www.iesagradafamiliapotrerillopalmira.edu.co\/wp-content\/uploads\/2024\/04\/4.-ACTO-ADMINISTRATIVO-DE-JUSTIFICACION-ok-1.pdf\" target=\"_blank\" rel=\"noopener noreferrer\">4.ACTO ADMINISTRATIVO DE JUSTIFICACION<\/a><br>\n\n\n\n<p><strong>LINK SECOP<\/strong>:<\/p>\n\n\n\n<p><a href=\"https:\/\/community.secop.gov.co\/Public\/Tendering\/OpportunityDetail\/Index?noticeUID=CO1.NTC.6056703&amp;isFromPublicArea=True&amp;isModal=False\">https:\/\/community.secop.gov.co\/Public\/Tendering\/OpportunityDetail\/Index?noticeUID=CO1.NTC.6056703&amp;isFromPublicArea=True&amp;isModal=False<\/a><\/p>\n\n\n\n<div style=\"height:50px\"><\/div>\n\n\n\n<p id=\"block-b28281a7-2956-4c64-bed9-baaf6b00c745\"><strong><br><\/strong><\/p>\n\n\n\n<p id=\"block-b28281a7-2956-4c64-bed9-baaf6b00c745\"><strong><br>CONTRATO No<\/strong>: 1151.20.6.009-IESFP-2024<\/p>\n\n\n\n<p id=\"block-ebf9a016-912f-43b2-ab60-cce314ec194e\"><strong>OBJETO: <\/strong><\/p>\n\n\n\n<p>\u201cPRESTACION DE SERVICIO ALQUILER EQUIPO DE SONIDO PARA<br>SEMANA CULTURAL\u201d<\/p>\n\n\n\n<p id=\"block-c3e127bb-c80a-42e1-a279-a99ba42f507e\"><strong>FECHA DEL CONTRATO:<\/strong> 27 SEPTIEMBRE DE 2024<\/p>\n\n\n\n<p id=\"block-86e4c28b-49d5-4fe1-a91d-c0c0f6cb0b6c\"><strong>ESTADO: <\/strong>CELEBRADO<\/p>\n\n\n\n<a href=\"https:\/\/www.iesagradafamiliapotrerillopalmira.edu.co\/wp-content\/uploads\/2024\/09\/ACTA-DE-INICIO.pdf\" target=\"_blank\" rel=\"noopener noreferrer\"> 1.ACTA DE INICIO<\/a><br>\n\n\n\n<a href=\"https:\/\/www.iesagradafamiliapotrerillopalmira.edu.co\/wp-content\/uploads\/2024\/09\/ACTO-ADMINISTRATIVO-CONTRATACION.pdf\" target=\"_blank\" rel=\"noopener noreferrer\">2.ACTO ADMINISTRATIVO<\/a><br>\n\n\n\n<a href=\"https:\/\/www.iesagradafamiliapotrerillopalmira.edu.co\/wp-content\/uploads\/2024\/09\/3.-INFORME-DE-EVALUACION-UNA-SOLA-PROPUESTA.pdf\"> INFORME DE EVALUACION UNA SOLA PROPUESTA<\/a><br>\n\n\n\n<a href=\"https:\/\/www.iesagradafamiliapotrerillopalmira.edu.co\/wp-content\/uploads\/2024\/09\/CONTRATO-PRESTACION-DE-SERVICIO.pdf\" target=\"_blank\" rel=\"noopener noreferrer\">4.CONTRATO PRESTACION DE SERVICIOS<\/a><br>\n\n\n\n<a href=\"https:\/\/www.iesagradafamiliapotrerillopalmira.edu.co\/wp-content\/uploads\/2024\/09\/4.-AVISO-DE-ADJUDICACION-ok-1.pdf\" target=\"_blank\" rel=\"noopener noreferrer\">AVISO DE ADJUDICACION<\/a><br>\n\n\n\n<p><strong>LINK SECOP<\/strong>:<\/p>\n\n\n\n<p><a href=\"https:\/\/community.secop.gov.co\/Public\/Tendering\/OpportunityDetail\/Index?noticeUID=CO1.NTC.6798159&amp;isFromPublicArea=True&amp;isModal=False\">https:\/\/community.secop.gov.co\/Public\/Tendering\/OpportunityDetail\/Index?noticeUID=CO1.NTC.6798159&amp;isFromPublicArea=True&amp;isModal=False<\/a><\/p>\n\n\n\n<div style=\"height:50px\"><\/div>\n\n\n\n<p id=\"block-b28281a7-2956-4c64-bed9-baaf6b00c745\"><strong><br><\/strong><\/p>\n\n\n\n<p><\/p>\n","protected":false},"excerpt":{"rendered":"<p>CONTRATO No: 1151.20.6.001-IESFP-2024 OBJETO: \u201cPRESTACION DE SERVICIO PARA SOPORTE Y ADQUISICION DEPAQUETE DE 400 FACTURAS ELECTRONICAS A TRAVES DE UNAPLATAFORMA WEB DE GESTION DE FACTURACION ELECTRONICAAVALADO POR UN PROVEEDOR TECNOLOGICO CERTIFICADO POR LADIAN\u201d. FECHA DEL CONTRATO: 09 FEBRERO DE 2024 ESTADO: LIQUIDADO 1.ESTUDIOS PREVIOS 2.ACTO ADMINISTRATIVO DE JUSTIFICACION 3.ACTA DE INICIO 4.ACTA LIQUIDACION 5.CONTRATO PRESTACION [&hellip;]<\/p>\n","protected":false},"author":2,"featured_media":0,"parent":0,"menu_order":0,"comment_status":"closed","ping_status":"closed","template":"","meta":[],"_links":{"self":[{"href":"https:\/\/www.iesagradafamiliapotrerillopalmira.edu.co\/index.php\/wp-json\/wp\/v2\/pages\/712"}],"collection":[{"href":"https:\/\/www.iesagradafamiliapotrerillopalmira.edu.co\/index.php\/wp-json\/wp\/v2\/pages"}],"about":[{"href":"https:\/\/www.iesagradafamiliapotrerillopalmira.edu.co\/index.php\/wp-json\/wp\/v2\/types\/page"}],"author":[{"embeddable":true,"href":"https:\/\/www.iesagradafamiliapotrerillopalmira.edu.co\/index.php\/wp-json\/wp\/v2\/users\/2"}],"replies":[{"embeddable":true,"href":"https:\/\/www.iesagradafamiliapotrerillopalmira.edu.co\/index.php\/wp-json\/wp\/v2\/comments?post=712"}],"version-history":[{"count":32,"href":"https:\/\/www.iesagradafamiliapotrerillopalmira.edu.co\/index.php\/wp-json\/wp\/v2\/pages\/712\/revisions"}],"predecessor-version":[{"id":873,"href":"https:\/\/www.iesagradafamiliapotrerillopalmira.edu.co\/index.php\/wp-json\/wp\/v2\/pages\/712\/revisions\/873"}],"wp:attachment":[{"href":"https:\/\/www.iesagradafamiliapotrerillopalmira.edu.co\/index.php\/wp-json\/wp\/v2\/media?parent=712"}],"curies":[{"name":"wp","href":"https:\/\/api.w.org\/{rel}","templated":true}]}}