{"id":589,"date":"2023-10-12T00:48:09","date_gmt":"2023-10-12T00:48:09","guid":{"rendered":"https:\/\/www.iesagradafamiliapotrerillopalmira.edu.co\/?page_id=589"},"modified":"2023-10-12T01:45:26","modified_gmt":"2023-10-12T01:45:26","slug":"invitacion-publica-2022","status":"publish","type":"page","link":"https:\/\/www.iesagradafamiliapotrerillopalmira.edu.co\/index.php\/invitacion-publica-2022\/","title":{"rendered":"INVITACION PUBLICA 2022"},"content":{"rendered":"\n<h4><strong>INVITACI\u00d3N P\u00daBLICA No. 1151.20.03.001<\/strong><\/h4>\n\n\n\n<p><strong>OBJETO:\u201cSUMINITRO MATERIALES DE FERRETERIA PARA EL MANTENIMIENTO DE LA PLANTA FISICA<\/strong><strong>\u201d.<\/strong><\/p>\n\n\n\n<p><strong>Cuant\u00eda:<\/strong>&nbsp;DIECISIETE MILLONES QUINIENTOS DIEZ MIL PESOS MDA CTE ($17.510.000) IVA INCLUIDO.<\/p>\n\n\n\n<p><strong>FECHA Y HORA DE PUBLICACI\u00d3N:&nbsp;<\/strong>9 DE ENERO DEL 2022<\/p>\n\n\n\n<p><strong>FECHA Y HORA DE TERMINACI\u00d3N:<\/strong>&nbsp;30 DE DICIEMBRE DEL 2022<\/p>\n\n\n\n<p><strong>EVALUACI\u00d3N:<\/strong>&nbsp;30 DE DICIEMBRE DEL 2022<\/p>\n\n\n\n<p><strong>OBSERVACI\u00d3N:<\/strong>&nbsp;HASTA 30 DE DICIEMBRE DEL 2022<\/p>\n\n\n\n<p><strong>ESTADO DE INVITACI\u00d3N:<\/strong><strong>&nbsp;CERRADO<\/strong><\/p>\n\n\n\n<p><a href=\"https:\/\/www.iesagradafamiliapotrerillopalmira.edu.co\/wp-content\/uploads\/2023\/10\/1.-ESTUDIOS-PREVIOS-03.001.pdf\">1. ESTUDIOS PREVIOS<\/a><\/p>\n\n\n\n<p><a href=\"https:\/\/www.iesagradafamiliapotrerillopalmira.edu.co\/wp-content\/uploads\/2023\/10\/2.-AVISO-INVITACION-03.001.pdf\">2. AVISO INVITACION<\/a><\/p>\n\n\n\n<p><a href=\"https:\/\/www.iesagradafamiliapotrerillopalmira.edu.co\/wp-content\/uploads\/2023\/10\/3.-INFORME-DE-EVALUACION-03.001.pdf\">3.INFORME EVALUACION<\/a><\/p>\n\n\n\n<p><a href=\"https:\/\/www.iesagradafamiliapotrerillopalmira.edu.co\/wp-content\/uploads\/2023\/10\/4.-AVISO-DE-ADJUDICACION-03.001.pdf\">4.AVISO DE ADJUDICACION<\/a><\/p>\n\n\n\n<p><a href=\"https:\/\/www.iesagradafamiliapotrerillopalmira.edu.co\/wp-content\/uploads\/2023\/10\/5.-CONTRATO-SUMINISTRO-03.001.pdf\">5. CONTRATO DE SUMINISTRO<\/a><\/p>\n\n\n\n<p><a href=\"https:\/\/www.iesagradafamiliapotrerillopalmira.edu.co\/wp-content\/uploads\/2023\/10\/6.-ACTA-DE-INICIO-03.001.pdf\">6.ACTA DE INICIO\u00a0<\/a><\/p>\n\n\n\n<p><a href=\"https:\/\/www.iesagradafamiliapotrerillopalmira.edu.co\/wp-content\/uploads\/2023\/10\/7.-ACTA-DE-LIQUIDACION-03.001.pdf\">7.ACTA DE LIQUIDACION<\/a><\/p>\n\n\n\n<hr class=\"wp-block-separator\"\/>\n\n\n\n<h4><strong>INVITACI\u00d3N P\u00daBLICA No.1151.20.03.00<\/strong>2<\/h4>\n\n\n\n<p><strong>OBJETO: \u201cSUMINISTRO MATERIALES DE PAPELERIA PARA EL AREA ADMINISTRATIVA DE LA INSTITUCION<\/strong><strong>\u201d.<\/strong><\/p>\n\n\n\n<p><strong>Cuant\u00eda:<\/strong>&nbsp;CUATRO MILLONES SEISCIENTOS DIEZ MIL PESOS M\/CTE ($4.610.000) IVA INCLUIDO.<\/p>\n\n\n\n<p><strong>FECHA Y HORA DE PUBLICACI\u00d3N:<\/strong>&nbsp;25 DE ENERO DEL 2022 A LAS 08:30AM<\/p>\n\n\n\n<p><strong>FECHA Y HORA DE TERMINACI\u00d3N:<\/strong>&nbsp;HASTA 27 DE ENERO DEL 2022 A LAS 08:30AM<\/p>\n\n\n\n<p><strong>EVALUACI\u00d3N:<\/strong>&nbsp;27 DE ENERO DEL 2022 A LAS 10:20AM<\/p>\n\n\n\n<p><strong>OBSERVACI\u00d3N:<\/strong>&nbsp;HASTA 28 DE ENERO DEL 2022 A LAS 10:30AM<\/p>\n\n\n\n<p><strong>ESTADO DE INVITACI\u00d3N:<\/strong><strong>&nbsp;CERRADO<\/strong><\/p>\n\n\n\n<p><a href=\"https:\/\/www.iesagradafamiliapotrerillopalmira.edu.co\/wp-content\/uploads\/2023\/10\/7.-ACTA-DE-LIQUIDACION-03.001.pdf\">1. ESTUDIOS PREVIOS<\/a><\/p>\n\n\n\n<p><a href=\"https:\/\/www.iesagradafamiliapotrerillopalmira.edu.co\/wp-content\/uploads\/2023\/10\/1.1-ANEXO-ESPECIFICACIONES-NO.-001-03.002.pdf\">1.1 ANEXO ESPECIFICACIONES<\/a><\/p>\n\n\n\n<p><a href=\"https:\/\/ieframipalmira.edu.co\/wp-content\/uploads\/2023\/10\/2.-AVISO-DE-INVITACION-03.002.pdf\">2. AVISO<\/a><a href=\"https:\/\/www.iesagradafamiliapotrerillopalmira.edu.co\/wp-content\/uploads\/2023\/10\/2.-AVISO-DE-INVITACION-03.002.pdf\"> <\/a><a href=\"https:\/\/ieframipalmira.edu.co\/wp-content\/uploads\/2023\/10\/2.-AVISO-DE-INVITACION-03.002.pdf\">INVITACION<\/a><\/p>\n\n\n\n<p><a href=\"https:\/\/www.iesagradafamiliapotrerillopalmira.edu.co\/wp-content\/uploads\/2023\/10\/3.-INFORME-DE-EVALUACION-03.002.pdf\">3. INFORME DE EVALUACION<\/a><\/p>\n\n\n\n<p><a href=\"https:\/\/www.iesagradafamiliapotrerillopalmira.edu.co\/wp-content\/uploads\/2023\/10\/4.-AVISO-DE-ADJUDICACION-03.002.pdf\">4. AVISO DE ADJUDICACION<\/a><\/p>\n\n\n\n<p><a href=\"https:\/\/www.iesagradafamiliapotrerillopalmira.edu.co\/wp-content\/uploads\/2023\/10\/5.-CONTRATO-SUMINISTRO-03.002.pdf\">5.CONTRATO DE SUMINISTRO\u00a0<\/a><\/p>\n\n\n\n<p><a href=\"https:\/\/www.iesagradafamiliapotrerillopalmira.edu.co\/wp-content\/uploads\/2023\/10\/6.-ACTA-INICIAL-03.002.pdf\">6. ACTA INICIAL<\/a><\/p>\n\n\n\n<p><a href=\"https:\/\/www.iesagradafamiliapotrerillopalmira.edu.co\/wp-content\/uploads\/2023\/10\/7.-ACTA-DE-LIQUIDACION-03.002.pdf\">7 ACTA DE LIQUIDACION<\/a><\/p>\n\n\n\n<hr class=\"wp-block-separator\"\/>\n\n\n\n<h4><strong>INVITACI\u00d3N P\u00daBLICA No.1151.20.04.001<\/strong><\/h4>\n\n\n\n<p><strong>OBJETO: \u201cADECUACION A TODO COSTO DE BATERIA SANITARIA SEDE JOSE ANTONIO ANZOATEGUI Y CIELO FALSO MAGDALENA<br>ORTEGA. <\/strong><strong>\u201d.<\/strong><\/p>\n\n\n\n<p><strong>Cuant\u00eda:<\/strong> e DIECIOCHO MILLONES CIENTO SETENTA MIL PESOS MCTE ($18.170.000) INCLUIDO IVA<\/p>\n\n\n\n<p><strong>FECHA Y HORA DE PUBLICACI\u00d3N:<\/strong> 04 DE NOVIEMBRE DE 2022<\/p>\n\n\n\n<p><strong>FECHA Y HORA DE TERMINACI\u00d3N:<\/strong>03 DE DICIEMBRE DE 2022<\/p>\n\n\n\n<p><strong>EVALUACI\u00d3N:<\/strong>03 DE DICIEMBRE DE 2022<\/p>\n\n\n\n<p><strong>OBSERVACI\u00d3N:<\/strong> HASTA 03 DE DICIEMBRE DE 2022<\/p>\n\n\n\n<p><strong>ESTADO DE INVITACI\u00d3N:<\/strong><strong> CERRADO<\/strong><\/p>\n\n\n\n<p><a href=\"https:\/\/www.iesagradafamiliapotrerillopalmira.edu.co\/wp-content\/uploads\/2023\/10\/1.-ESTUDIOS-PREVIOS-04.001.pdf\">1. ESTUDIOS PREVIOS<\/a><\/p>\n\n\n\n<p><a href=\"https:\/\/www.iesagradafamiliapotrerillopalmira.edu.co\/wp-content\/uploads\/2023\/10\/1.1-ANEXO-ESPECIFICACIONES-04.001-BATERIAS-SANITARIAS-Y-CIELO-FALSO.pdf\">1.1 ANEXO ESPECIFICACIONES<\/a><\/p>\n\n\n\n<p><a href=\"https:\/\/www.iesagradafamiliapotrerillopalmira.edu.co\/wp-content\/uploads\/2023\/10\/2.-AVISO-DE-INVITACION-04.001.pdf\">2. AVISO INVITACION<\/a><\/p>\n\n\n\n<p><a href=\"https:\/\/www.iesagradafamiliapotrerillopalmira.edu.co\/wp-content\/uploads\/2023\/10\/3.-ACTA-DE-EVALUACION-04.001.pdf\">3. ACTA DE EVALUACION<\/a><\/p>\n\n\n\n<p><a href=\"https:\/\/www.iesagradafamiliapotrerillopalmira.edu.co\/wp-content\/uploads\/2023\/10\/4.-AVISO-DE-ADJUDICACION-04.001.pdf\">4. AVISO DE ADJUDICACION<\/a><\/p>\n\n\n\n<p><a href=\"https:\/\/www.iesagradafamiliapotrerillopalmira.edu.co\/wp-content\/uploads\/2023\/10\/5.-CONTRATO-SERVICIO-04.001.pdf\">5.CONTRATO DE SERVICIO\u00a0<\/a><\/p>\n\n\n\n<p><a href=\"https:\/\/www.iesagradafamiliapotrerillopalmira.edu.co\/wp-content\/uploads\/2023\/10\/6.-ACTA-DE-INICIO-04.001.pdf\">6. ACTA INICIAL<\/a><\/p>\n\n\n\n<p><a href=\"https:\/\/www.iesagradafamiliapotrerillopalmira.edu.co\/wp-content\/uploads\/2023\/10\/7.-ACTA-DE-LIQUIDACION-04.001.pdf\">7 ACTA DE LIQUIDACION<\/a><\/p>\n\n\n\n<hr class=\"wp-block-separator\"\/>\n\n\n\n<h4><strong>INVITACI\u00d3N P\u00daBLICA No. 1151.20.04.002<\/strong><\/h4>\n\n\n\n<p><strong>OBJETO: \u201cADECUACION A TODO COSTO DE BATERIA SANITARIA SEDE ROSARIO MENESES DE LA INSTITUCION EDUCATIVA SAGRADA<br>FAMILIA POTRERILLO.&nbsp;<\/strong><strong>\u201d.<\/strong><\/p>\n\n\n\n<p><strong>Cuant\u00eda:<\/strong> DIECIOCHO MILLONES CIENTO VEINTISIETE MIL OCHOCIENTOS NUEVE PESOS MCTE ($18.127.809) INCLUIDO IVA.<\/p>\n\n\n\n<p><strong>FECHA Y HORA DE PUBLICACI\u00d3N:<\/strong> 04 DE NOVIEMBRE DE 2022<\/p>\n\n\n\n<p><strong>FECHA Y HORA DE TERMINACI\u00d3N:<\/strong>03 DE DICIEMBRE DE 2022<\/p>\n\n\n\n<p><strong>EVALUACI\u00d3N:<\/strong>03 DE DICIEMBRE DE 2022<\/p>\n\n\n\n<p><strong>OBSERVACI\u00d3N:<\/strong> HASTA 03 DE DICIEMBRE DE 2022<\/p>\n\n\n\n<p><strong>ESTADO DE INVITACI\u00d3N:<\/strong><strong> CERRADO<\/strong><\/p>\n\n\n\n<p><a href=\"https:\/\/www.iesagradafamiliapotrerillopalmira.edu.co\/wp-content\/uploads\/2023\/10\/1.-ESTUDIOS-PREVIOS-04.002.pdf\">1. ESTUDIOS PREVIOS<\/a><\/p>\n\n\n\n<p><a href=\"https:\/\/www.iesagradafamiliapotrerillopalmira.edu.co\/wp-content\/uploads\/2023\/10\/1.1-ANEXO-ESPECIFICACIONES-04.002-BATERIAS-SANITARIAS-SEDE-ROSARIO-MENESES.pdf\">1.1 ANEXO ESPECIFICACIONES<\/a><\/p>\n\n\n\n<p><a href=\"https:\/\/www.iesagradafamiliapotrerillopalmira.edu.co\/wp-content\/uploads\/2023\/10\/2.-AVISO-DE-INVITACION-04.002.pdf\">2. AVISO INVITACION<\/a><\/p>\n\n\n\n<p><a href=\"https:\/\/www.iesagradafamiliapotrerillopalmira.edu.co\/wp-content\/uploads\/2023\/10\/3.-ACTA-DE-EVALUACION-04.002.pdf\">3. INFORME DE EVALUACION<\/a><\/p>\n\n\n\n<p><a href=\"https:\/\/www.iesagradafamiliapotrerillopalmira.edu.co\/wp-content\/uploads\/2023\/10\/4.-AVISO-DE-ADJUDICACION-04.002.pdf\">4. AVISO DE ADJUDICACION<\/a><\/p>\n\n\n\n<p><a href=\"https:\/\/www.iesagradafamiliapotrerillopalmira.edu.co\/wp-content\/uploads\/2023\/10\/5.-CONTRATO-SERVICIO-04.002.pdf\">5.CONTRATO DE SERVICIO\u00a0<\/a><\/p>\n\n\n\n<p><a href=\"https:\/\/www.iesagradafamiliapotrerillopalmira.edu.co\/wp-content\/uploads\/2023\/10\/6.-ACTA-DE-INICIO-04.002.pdf\">6. ACTA INICIAL<\/a><\/p>\n\n\n\n<p><a href=\"https:\/\/www.iesagradafamiliapotrerillopalmira.edu.co\/wp-content\/uploads\/2023\/10\/7.-ACTA-DE-LIQUIDACION-04.002.pdf\">7 ACTA DE LIQUIDACION<\/a><\/p>\n\n\n\n<hr class=\"wp-block-separator\"\/>\n\n\n\n<h4><strong>INVITACI\u00d3N P\u00daBLICA No. 1151.20.06.002<\/strong><\/h4>\n\n\n\n<p><strong>OBJETO: \u201c\u201cMANTENIMIENTO PLANTA FISICA PARA TODAS LAS SEDES<br>DE LA INSTITUCION EDUCATIVA<\/strong><strong>\u201d.<\/strong><\/p>\n\n\n\n<p><strong>Cuant\u00eda:<\/strong> DIECINUEVE MILLONES OCHOCIENTOS&nbsp; OCHENTA MIL PESOS M\/CTE ($ 19.880.000) IVA INCLUIDO.<\/p>\n\n\n\n<p><strong>FECHA Y HORA DE PUBLICACI\u00d3N:<\/strong> 17 DE ENERO DEL 2022 A LAS 08:30AM<\/p>\n\n\n\n<p><strong>FECHA Y HORA DE TERMINACI\u00d3N:<\/strong> HASTA 24 DE ENERO DEL 2022 HASTA LAS 01:30PM<\/p>\n\n\n\n<p><strong>EVALUACI\u00d3N:<\/strong> 24 DE ENERO DEL 2022 A LAS 10:20AM<\/p>\n\n\n\n<p><strong>OBSERVACI\u00d3N:<\/strong> HASTA 25 DE ENERO DEL 2022 A LAS 10:30AM<\/p>\n\n\n\n<p><strong>ESTADO DE INVITACI\u00d3N:<\/strong><strong> CERRADO<\/strong><\/p>\n\n\n\n<p><a href=\"https:\/\/www.iesagradafamiliapotrerillopalmira.edu.co\/wp-content\/uploads\/2023\/10\/1.-ESTUDIOS-PREVIOS-06.002.pdf\">1. ESTUDIOS PREVIOS<\/a><\/p>\n\n\n\n<p><a href=\"https:\/\/www.iesagradafamiliapotrerillopalmira.edu.co\/wp-content\/uploads\/2023\/10\/2.-AVISO-INVITACION-06.002.pdf\">2. AVISO INVITACION<\/a><\/p>\n\n\n\n<hr class=\"wp-block-separator\"\/>\n\n\n\n<h4><strong>INVITACI\u00d3N P\u00daBLICA No. 1151.20.06.003-2022<\/strong><\/h4>\n\n\n\n<p><strong>OBJETO: \u201cSERVICIO DE INTERNET PARA TODAS LAS SEDES DE LA INSTITUCION EDUCATIVA<\/strong><strong>\u201d.<\/strong><\/p>\n\n\n\n<p><strong>Cuant\u00eda:<\/strong>CUATRO MILLONES DOSCIENTOS CINCUENTA MIL PESOS MDA CTE ($4.250.000), IVA INCLUIDO<\/p>\n\n\n\n<p><strong>FECHA Y HORA DE PUBLICACI\u00d3N:<\/strong> 26 DE ENERO DEL 2022 A LAS 08:30AM<\/p>\n\n\n\n<p><strong>FECHA Y HORA DE TERMINACI\u00d3N:<\/strong> HASTA 30 DE DICIEMBRE DEL 2022 A LAS 08:30AM<\/p>\n\n\n\n<p><strong>EVALUACI\u00d3N:<\/strong> 30 DE DICIEMBRE DEL 2022 A LAS 10:20AM<\/p>\n\n\n\n<p><strong>OBSERVACI\u00d3N:<\/strong> HASTA 30 DE DICIEMBRE DEL 2022 A LAS 10:30AM<\/p>\n\n\n\n<p><strong>ESTADO DE INVITACI\u00d3N:<\/strong><strong> CERRADO<\/strong><\/p>\n\n\n\n<p><a href=\"https:\/\/www.iesagradafamiliapotrerillopalmira.edu.co\/wp-content\/uploads\/2023\/10\/1.-ESTUDIOS-PREVIOS-06.003.pdf\">1. ESTUDIOS PREVIOS<\/a><\/p>\n\n\n\n<p><a href=\"https:\/\/www.iesagradafamiliapotrerillopalmira.edu.co\/wp-content\/uploads\/2023\/10\/2.-AVISO-DE-INVITACION-06.003.pdf\">2. AVISO INVITACION<\/a><\/p>\n\n\n\n<p><a href=\"https:\/\/www.iesagradafamiliapotrerillopalmira.edu.co\/wp-content\/uploads\/2023\/10\/3.-INFORME-DE-EVALUACION-06.003.pdf\">3. INFORME DE EVALUACION<\/a><\/p>\n\n\n\n<p><a href=\"https:\/\/www.iesagradafamiliapotrerillopalmira.edu.co\/wp-content\/uploads\/2023\/10\/4.-AVISO-DE-ADJUDICACION-06.003.pdf\">4. AVISO DE ADJUDICACION<\/a><\/p>\n\n\n\n<p><a href=\"https:\/\/www.iesagradafamiliapotrerillopalmira.edu.co\/wp-content\/uploads\/2023\/10\/5.-CONTRATO-SERVICIO-06.003.pdf\">5.CONTRATO DE SERVICIO<\/a><\/p>\n\n\n\n<p><a href=\"https:\/\/www.iesagradafamiliapotrerillopalmira.edu.co\/wp-content\/uploads\/2023\/10\/6.-ACTA-DE-INICIO-06.003.pdf\">6. ACTA DE INICIO<\/a><\/p>\n\n\n\n<p><a href=\"https:\/\/www.iesagradafamiliapotrerillopalmira.edu.co\/wp-content\/uploads\/2023\/10\/7.-ACTA-DE-LIQUIDACION-06.003.pdf\">7. ACTA DE LIQUIDACION<\/a><\/p>\n","protected":false},"excerpt":{"rendered":"<p>INVITACI\u00d3N P\u00daBLICA No. 1151.20.03.001 OBJETO:\u201cSUMINITRO MATERIALES DE FERRETERIA PARA EL MANTENIMIENTO DE LA PLANTA FISICA\u201d. Cuant\u00eda:&nbsp;DIECISIETE MILLONES QUINIENTOS DIEZ MIL PESOS MDA CTE ($17.510.000) IVA INCLUIDO. FECHA Y HORA DE PUBLICACI\u00d3N:&nbsp;9 DE ENERO DEL 2022 FECHA Y HORA DE TERMINACI\u00d3N:&nbsp;30 DE DICIEMBRE DEL 2022 EVALUACI\u00d3N:&nbsp;30 DE DICIEMBRE DEL 2022 OBSERVACI\u00d3N:&nbsp;HASTA 30 DE DICIEMBRE DEL 2022 [&hellip;]<\/p>\n","protected":false},"author":1,"featured_media":0,"parent":0,"menu_order":0,"comment_status":"closed","ping_status":"closed","template":"","meta":[],"_links":{"self":[{"href":"https:\/\/www.iesagradafamiliapotrerillopalmira.edu.co\/index.php\/wp-json\/wp\/v2\/pages\/589"}],"collection":[{"href":"https:\/\/www.iesagradafamiliapotrerillopalmira.edu.co\/index.php\/wp-json\/wp\/v2\/pages"}],"about":[{"href":"https:\/\/www.iesagradafamiliapotrerillopalmira.edu.co\/index.php\/wp-json\/wp\/v2\/types\/page"}],"author":[{"embeddable":true,"href":"https:\/\/www.iesagradafamiliapotrerillopalmira.edu.co\/index.php\/wp-json\/wp\/v2\/users\/1"}],"replies":[{"embeddable":true,"href":"https:\/\/www.iesagradafamiliapotrerillopalmira.edu.co\/index.php\/wp-json\/wp\/v2\/comments?post=589"}],"version-history":[{"count":6,"href":"https:\/\/www.iesagradafamiliapotrerillopalmira.edu.co\/index.php\/wp-json\/wp\/v2\/pages\/589\/revisions"}],"predecessor-version":[{"id":668,"href":"https:\/\/www.iesagradafamiliapotrerillopalmira.edu.co\/index.php\/wp-json\/wp\/v2\/pages\/589\/revisions\/668"}],"wp:attachment":[{"href":"https:\/\/www.iesagradafamiliapotrerillopalmira.edu.co\/index.php\/wp-json\/wp\/v2\/media?parent=589"}],"curies":[{"name":"wp","href":"https:\/\/api.w.org\/{rel}","templated":true}]}}